{"id":31,"date":"2016-05-24T00:07:20","date_gmt":"2016-05-23T22:07:20","guid":{"rendered":"http:\/\/www.german-ink.com\/SR\/?page_id=31"},"modified":"2017-06-07T16:10:14","modified_gmt":"2017-06-07T14:10:14","slug":"piercing-3","status":"publish","type":"page","link":"https:\/\/www.german-ink.com\/SR\/piercing-3\/","title":{"rendered":"Piercing"},"content":{"rendered":"<h1>Piercin<strong>g<\/strong><\/h1>\n<p>&nbsp;<\/p>\n<p>Bei uns findest Du eine individuelle Auswahl an k\u00f6rpervertr\u00e4glichem Piercingschmuck.<\/p>\n<p>Wir arbeiten mit absolut sterilen Instrumenten und verwenden nur f\u00fcr den speziellen Gebrauch zugelassene Materialien. Da die sterile Nutzung von Einmalmaterialien weniger Risiken birgt, lehnen wir den Einsatz von Ohrlochpistolen strikt ab. Desweiteren ist eine Bet\u00e4ubung mit Eis oder K\u00e4ltespray, sowie&nbsp;der Einsatz von bet\u00e4ubenden Cremes oder Injektionen bei uns nicht m\u00f6glich. Personen unter 14 Jahren d\u00fcrfen nicht gepierct werden, da dies auch mit dem Einverst\u00e4ndnis der Eltern illegal ist. Bei Minderj\u00e4hrigen \u00fcber 14 Jahren ist das Einverst\u00e4ndnis der Eltern Voraussetzung f\u00fcr das Piercing. Die Eltern m\u00fcssen beim Vorgespr\u00e4ch dabei sein, um umfassend \u00fcber alle bestehenden Risiken und Folgen informiert werden zu k\u00f6nnen, zus\u00e4tzlich brauchen wir vom Kind, so wie dem Erziehungsberechtigtem den Personalausweis. Ab 16 Jahren reicht eine&nbsp;Einverst\u00e4ndniserkl\u00e4rung der Eltern, so wie eine beidseitige Kopie des Personalausweis von einem Erziehungsberechtigten, genauso wie&nbsp; Original und Kopie von deinen eigenen Personalausweis.<\/p>\n<p>Selbstverst\u00e4ndlich kannst du dir jederzeit fachkundigen Rat bei uns einholen! <strong><br \/>\n<\/strong><\/p>\n<p><strong>Allgemeines<\/strong><\/p>\n<p>Nerven laufen eng zwischen Knochen und Muskeln vorbei, da die Haut, beim Piercen, mit einer Zange vom K\u00f6rper weggespannt wird, ist eine direkte Verletzung der Nerven nahezu unm\u00f6glich. Es besteht jedoch die Gefahr, dass sich das Piercing, bei nicht sachgerechter Nachsorge und Pflege eine Entz\u00fcndung entsteht, die sich auf die Nerven \u00fcbertragen kann. Durch die nat\u00fcrlich gegebene Vielfalt von uns Menschen, sind nicht immer alle Piercings, bei jedem Menschen gleich&nbsp;beziehungsweise auch umsetzbar.&nbsp;Die Zeit des Heilungsprozesses ist ebenso bei jedem individuellen Piercing und bei jedem Menschen unterschiedlich lang. Dabei spielen verschiedene Faktoren eine Rolle: z.B. die Nachsorge, physischer und psychischer Zustand, Drogen- und Alkoholkonsum oder spezielle Di\u00e4ten. Die Heilungszeit, die von uns bei den unterschiedlichsten Piercings angegeben werden, sind nur ungef\u00e4hre Richtwerte. Auf jeden Fall wird es die Heilungszeit verk\u00fcrzen, wenn Du deinem nat\u00fcrlichen Menschenverstand und unseren Anweisungen folgst.<\/p>\n<p>Hier noch ein paar goldene Regeln, zur Nachsorge und Pflege bei Piercings:<\/p>\n<ol>\n<li>Ber\u00fchre dein Piercing niemals mit ungewaschenen H\u00e4nden!!! <strong><br \/>\n<\/strong><\/li>\n<li>Der Piercingschmuck, muss \u00fcber die gesamte Abheilphase getragen werden. (Er darf nicht entfernt werden, auch nicht zur Reinigung)<\/li>\n<li>Bei allen Piercings sollte vier Wochen lang auf Schwimmen, Badewanne, Sauna und Solarium verzichtet werden.<\/li>\n<li>&nbsp;S\u00e4ubere zuerst den Schmuckteil, der sich nicht unter der Haut befindet, bevor du den Schmuck bewegst damit keine Bakterien in die Wunde gelangen k\u00f6nnen.<\/li>\n<li>Reinige dein Piercing 4 bis 6 Wochen lang, zwei bis drei mal t\u00e4glich, mit einem sauberen Wattest\u00e4bchen und&nbsp; lauwarmen Wasser.<\/li>\n<li>Desinfiziere das Piercing, mit einem &#8222;neuen&#8220; Wattest\u00e4bchen und dem von uns erhaltene Mittel &#8222;<strong>Octenisept<\/strong>&#8220;&nbsp;(keinesfalls Kodan oder andere alkoholhaltige Produkte), dass du reichlich auf Wunde und Piercing auftr\u00e4gst. Da es sich hier um Arzneimittel handelt, kann es mit anderen Mitteln\/Medikamenten, immer auch zu ungeahnten Neben- oder Wechselwirkungen kommen.<\/li>\n<li>Es darf nichts an deinem Piercing reiben oder h\u00e4ngenbleiben, achte deshalb auf locker sitzende Kleidung (z.B.: Bauchnabelpiercing). Du kannst zur Sicherheit auch immer ein handels\u00fcbliches Pflaster dar\u00fcber Kleben.<\/li>\n<li>Nicht mit dem Piercing spielen, die Wundheilung deines K\u00f6rpers, verl\u00e4uft wesentlich schneller um so mehr Ruhe die Wunde bekommt.<\/li>\n<li>Die ersten 48 Stunden, muss auf k\u00f6rperliche Aktivit\u00e4ten wie Leistungssport verzichtet werden.&nbsp;<\/li>\n<\/ol>\n<p>Falls eine leichte Entz\u00fcndung auftreten sollte, ist das kein Grund zur Panik &#8211; das ist meist eine nat\u00fcrliche Reaktion des K\u00f6rpers. Bei leichten Entz\u00fcndungen, das Piercing wie oben beschrieben, zwei mal t\u00e4glich mit einem Wattest\u00e4bchen und warmen Wasser s\u00e4ubern und eine lauwarme konzentrierte L\u00f6sung (3 Beutel Kamillentee auf eine Tasse Wasser) mit einem Wattepad (oder gleich die Beutel) ca. 10 Minuten auf die wunde halten oder &#8222;<strong>anstelle<\/strong>&#8220; des Desinfektionsmittels, Tyrosur-Gel auftragen.&nbsp;<\/p>\n<p><strong>Wichtig!!: Bei Problemen oder einer starken Infektion (starke Schmerzen, Schwellungen), wendet euch bitte immer sofort an uns, einen Arzt oder Apotheker!<\/strong><br \/>\n(Das Entfernen des Schmuckst\u00fcckes verschafft nicht unbedingt Linderung, sondern verschlimmert die Entz\u00fcndung evtl. sogar!)&nbsp;<\/p>\n<p>&nbsp;<\/p>\n","protected":false},"excerpt":{"rendered":"<p>Piercing &nbsp; Bei uns findest Du eine individuelle Auswahl an k\u00f6rpervertr\u00e4glichem Piercingschmuck. Wir arbeiten mit absolut sterilen Instrumenten und verwenden nur f\u00fcr den speziellen Gebrauch zugelassene Materialien. Da die sterile Nutzung von Einmalmaterialien weniger Risiken birgt, lehnen wir den Einsatz von Ohrlochpistolen strikt ab. Desweiteren ist eine Bet\u00e4ubung mit Eis oder K\u00e4ltespray, sowie&nbsp;der Einsatz von<\/p>\n","protected":false},"author":1,"featured_media":279,"parent":0,"menu_order":0,"comment_status":"closed","ping_status":"closed","template":"fullwidth.php","meta":{"ngg_post_thumbnail":0,"footnotes":""},"_links":{"self":[{"href":"https:\/\/www.german-ink.com\/SR\/wp-json\/wp\/v2\/pages\/31"}],"collection":[{"href":"https:\/\/www.german-ink.com\/SR\/wp-json\/wp\/v2\/pages"}],"about":[{"href":"https:\/\/www.german-ink.com\/SR\/wp-json\/wp\/v2\/types\/page"}],"author":[{"embeddable":true,"href":"https:\/\/www.german-ink.com\/SR\/wp-json\/wp\/v2\/users\/1"}],"replies":[{"embeddable":true,"href":"https:\/\/www.german-ink.com\/SR\/wp-json\/wp\/v2\/comments?post=31"}],"version-history":[{"count":6,"href":"https:\/\/www.german-ink.com\/SR\/wp-json\/wp\/v2\/pages\/31\/revisions"}],"predecessor-version":[{"id":280,"href":"https:\/\/www.german-ink.com\/SR\/wp-json\/wp\/v2\/pages\/31\/revisions\/280"}],"wp:featuredmedia":[{"embeddable":true,"href":"https:\/\/www.german-ink.com\/SR\/wp-json\/wp\/v2\/media\/279"}],"wp:attachment":[{"href":"https:\/\/www.german-ink.com\/SR\/wp-json\/wp\/v2\/media?parent=31"}],"curies":[{"name":"wp","href":"https:\/\/api.w.org\/{rel}","templated":true}]}}