{"id":74,"date":"2016-05-24T00:22:43","date_gmt":"2016-05-23T22:22:43","guid":{"rendered":"http:\/\/www.german-ink.com\/SR\/?page_id=74"},"modified":"2020-08-07T15:10:03","modified_gmt":"2020-08-07T13:10:03","slug":"impressum","status":"publish","type":"page","link":"https:\/\/www.german-ink.com\/SR\/impressum\/","title":{"rendered":"Impressum"},"content":{"rendered":"<div class=\"main\">\n<div class=\"padded\">\n<h1>Impressum<\/h1>\n<p><a id=\"wb_8\" class=\"section_anchor\" name=\"wb_8\"><\/a>Angaben gem\u00e4\u00df \u00a7 5 TMG:<\/p>\n<p>German Ink Straubing<br \/>\nRosengasse 23<br \/>\n94315 Straubing<\/p>\n<h2>Vertreten durch:<\/h2>\n<p>Andreas Schmick<br \/>\nAlburger Rennweg 7<\/p>\n<p>94315 Straubing<\/p>\n<h2>Kontakt:<\/h2>\n<p>Telefon: 09421 1897111<\/p>\n<p>E-Mail: info@german-ink.com<br \/>\nUmsatzsteuer-Identifikationsnummer: DE259222368<\/p>\n<p>Streitschlichtung<br \/>\nDie Europ\u00e4ische Kommission stellt eine Plattform zur Online-Streitbeilegung (OS) bereit:<br \/>\nhttps:\/\/ec.europa.eu\/consumers\/odr<br \/>\nUnsere E-Mail-Adresse finden Sie oben im Impressum.<br \/>\nWir sind nicht bereit oder verpflichtet, an Streitbeilegungsverfahren vor einer<br \/>\nVerbraucherschlichtungsstelle teilzunehmen.<\/p>\n<p>Haftung f\u00fcr Inhalte<\/p>\n<p>Trotz sorgf\u00e4ltiger inhaltlicher Kontrolle \u00fcbernehmen wir keine Haftung f\u00fcr die Inhalte externer Links, wof\u00fcr ausdr\u00fccklich deren Betreiber verantwortlich sind. Unsere Homepage dient nur allgemeinen Informationsdiensten, wir \u00fcbernehmen keinerlei Gew\u00e4hr f\u00fcr Aktualit\u00e4t, inhaltlicher Richtigkeit und Vollst\u00e4ndigkeit der dargestellten Informationen. Wir \u00fcbernehmen keine Haftung f\u00fcr Sch\u00e4den, die durch die Nutzung der angebotenen Informationen auf dieser Website verursacht wurden. Weder durch das Lesen, den Download oder sonstiger Nutzung unserer Homepage entstehen Gesch\u00e4ftsbeziehungen noch gewerbsm\u00e4\u00dfige Beratung. Es wird keine Haftung f\u00fcr \u00fcber das Internet vermittelte Nachrichten \u00fcbernommen, dies gilt insbesondere f\u00fcr \u00fcbermittelte Informationen zur Fristwahrung.<\/p>\n<p>Als Diensteanbieter sind wir gem\u00e4\u00df \u00a7 7 Abs.1 TMG f\u00fcr eigene Inhalte auf dieser Seite nach den allgemeinen Gesetzen verantwortlich. Nach \u00a7\u00a7 8 bis 10 TMG sind wir als Diensteanbieter jedoch nicht verpflichtet, \u00fcbermittelte oder gespeicherte fremde Informationen zu \u00fcberwachen oder nach Umst\u00e4nden zu forschen, die auf eine rechtswidrige T\u00e4tigkeit hinweisen. Verpflichtungen zur Entfernung oder Sperrung der Nutzung von Informationen nach den allgemeinen Gesetzen bleiben hiervon unber\u00fchrt. Eine diesbez\u00fcgliche Haftung ist jedoch erst ab dem Zeitpunkt der Kenntnis einer konkreten Rechtsverletzung m\u00f6glich. Bei Bekanntwerden von entsprechenden Rechtsverletzungen werden wir diese Inhalte umgehend entfernen.<\/p>\n<p>Haftung f\u00fcr Links<br \/>\nUnser Angebot enth\u00e4lt Links zu externen Websites Dritter, auf deren Inhalte wir keinen Einfluss haben.<br \/>\nDeshalb k\u00f6nnen wir f\u00fcr diese fremden Inhalte auch keine Gew\u00e4hr \u00fcbernehmen. F\u00fcr die Inhalte der<br \/>\nverlinkten Seiten ist stets der jeweilige Anbieter oder Betreiber der Seiten verantwortlich. Die verlinkten<br \/>\nSeiten wurden zum Zeitpunkt der Verlinkung auf m\u00f6gliche Rechtsverst\u00f6\u00dfe \u00fcberpr\u00fcft. Rechtswidrige<br \/>\nInhalte waren zum Zeitpunkt der Verlinkung nicht erkennbar.<br \/>\nEine permanente inhaltliche Kontrolle der verlinkten Seiten ist jedoch ohne konkrete Anhaltspunkte einer<br \/>\nRechtsverletzung nicht zumutbar. Bei Bekanntwerden von Rechtsverletzungen werden wir derartige Links<br \/>\numgehend entfernen.<\/p>\n<p>Urheberrecht<br \/>\nDie durch den Seitenbetreiber erstellten Inhalte und Werke auf dieser Seite unterliegen dem deutschen<br \/>\nUrheberrecht. Die Vervielf\u00e4ltigung, Bearbeitung, Verbreitung und jede Art der Verwertung au\u00dferhalb der<br \/>\nGrenzen des Urheberrechtes bed\u00fcrfen der schriftlichen Zustimmung des jeweiligen Autors bzw.<br \/>\nErstellers. Downloads und Kopien dieser Seite sind nur f\u00fcr den privaten, nicht kommerziellen Gebrauch<br \/>\ngestattet.<br \/>\nSoweit die Inhalte auf dieser Seite nicht vom Betreiber erstellt wurden, werden die Urheberrechte Dritter<br \/>\nbeachtet. Insbesondere werden Inhalte Dritter als solche gekennzeichnet. Sollten Sie trotzdem auf eine<br \/>\nUrheberrechtsverletzung aufmerksam werden, bitten wir um einen entsprechenden Hinweis. Bei<br \/>\nBekanntwerden von Rechtsverletzungen werden wir derartige Inhalte umgehend entfernen.<\/p>\n<p>Inhaltlich Verantwortlicher gem\u00e4\u00df \u00a7 10 Absatz 3 MDStV:<br \/>\nAnte Serdarusic und Drechsel Bj\u00f6rn GbR (Anschrift wie oben)<\/p>\n<\/div>\n<\/div>\n","protected":false},"excerpt":{"rendered":"<p>Impressum Angaben gem\u00e4\u00df \u00a7 5 TMG: German Ink Straubing Rosengasse 23 94315 Straubing Vertreten durch: Andreas Schmick Alburger Rennweg 7 94315 Straubing Kontakt: Telefon: 09421 1897111 E-Mail: info@german-ink.com Umsatzsteuer-Identifikationsnummer: DE259222368 Streitschlichtung Die Europ\u00e4ische Kommission stellt eine Plattform zur Online-Streitbeilegung (OS) bereit: https:\/\/ec.europa.eu\/consumers\/odr Unsere E-Mail-Adresse finden Sie oben im Impressum. Wir sind nicht bereit oder verpflichtet,<\/p>\n","protected":false},"author":1,"featured_media":0,"parent":0,"menu_order":0,"comment_status":"closed","ping_status":"closed","template":"","meta":{"ngg_post_thumbnail":0,"footnotes":""},"_links":{"self":[{"href":"https:\/\/www.german-ink.com\/SR\/wp-json\/wp\/v2\/pages\/74"}],"collection":[{"href":"https:\/\/www.german-ink.com\/SR\/wp-json\/wp\/v2\/pages"}],"about":[{"href":"https:\/\/www.german-ink.com\/SR\/wp-json\/wp\/v2\/types\/page"}],"author":[{"embeddable":true,"href":"https:\/\/www.german-ink.com\/SR\/wp-json\/wp\/v2\/users\/1"}],"replies":[{"embeddable":true,"href":"https:\/\/www.german-ink.com\/SR\/wp-json\/wp\/v2\/comments?post=74"}],"version-history":[{"count":17,"href":"https:\/\/www.german-ink.com\/SR\/wp-json\/wp\/v2\/pages\/74\/revisions"}],"predecessor-version":[{"id":370,"href":"https:\/\/www.german-ink.com\/SR\/wp-json\/wp\/v2\/pages\/74\/revisions\/370"}],"wp:attachment":[{"href":"https:\/\/www.german-ink.com\/SR\/wp-json\/wp\/v2\/media?parent=74"}],"curies":[{"name":"wp","href":"https:\/\/api.w.org\/{rel}","templated":true}]}}